{"id":19780,"date":"2026-02-24T14:50:44","date_gmt":"2026-02-24T19:50:44","guid":{"rendered":"https:\/\/ugowork.com\/entente-de-niveau-de-service\/"},"modified":"2026-02-24T15:55:24","modified_gmt":"2026-02-24T20:55:24","slug":"entente-de-niveau-de-service","status":"publish","type":"page","link":"https:\/\/ugowork.com\/fr\/entente-de-niveau-de-service\/","title":{"rendered":"Entente de niveau de service"},"content":{"rendered":"\n<p><a href=\"https:\/\/20243687.fs1.hubspotusercontent-na1.net\/hubfs\/20243687\/Terms%20and%20conditions\/Entente%20de%20Niveau%20de%20Service.pdf\" target=\"_blank\" rel=\"noreferrer noopener\">Entente de niveau de service d&rsquo;UgoWork<\/a><\/p>\n\n\n\n<figure class=\"wp-block-image size-full is-resized\"><img decoding=\"async\" src=\"https:\/\/ugowork.com\/wp-content\/uploads\/2025\/02\/Group-1609.svg\" alt=\"\" class=\"wp-image-10721\" style=\"width:175px\"\/><\/figure>\n\n\n<style>.wp-block-kadence-spacer.kt-block-spacer-19780_ee024d-15 .kt-block-spacer{height:30px;}.wp-block-kadence-spacer.kt-block-spacer-19780_ee024d-15 .kt-divider{border-top-width:1px;height:1px;border-top-color:#eee;width:80%;border-top-style:solid;}<\/style>\n<div class=\"wp-block-kadence-spacer aligncenter kt-block-spacer-19780_ee024d-15\"><div class=\"kt-block-spacer kt-block-spacer-halign-center\"><\/div><\/div>\n","protected":false},"excerpt":{"rendered":"","protected":false},"author":13,"featured_media":0,"parent":0,"menu_order":0,"comment_status":"closed","ping_status":"closed","template":"","meta":{"_acf_changed":false,"content-type":"","_kad_blocks_custom_css":"","_kad_blocks_head_custom_js":"","_kad_blocks_body_custom_js":"","_kad_blocks_footer_custom_js":"","_kad_post_transparent":"","_kad_post_title":"","_kad_post_layout":"","_kad_post_sidebar_id":"","_kad_post_content_style":"","_kad_post_vertical_padding":"","_kad_post_feature":"","_kad_post_feature_position":"","_kad_post_header":false,"_kad_post_footer":false,"_kad_post_classname":"","footnotes":""},"class_list":["post-19780","page","type-page","status-publish","hentry"],"acf":[],"yoast_head":"<!-- This site is optimized with the Yoast SEO plugin v27.4 - https:\/\/yoast.com\/product\/yoast-seo-wordpress\/ -->\n<title>Entente de niveau de service | UgoWork<\/title>\n<meta name=\"description\" content=\"Consultez l&#039;entente de niveau de service d&#039;UgoWork. D\u00e9couvrez nos services de support, maintenance planifi\u00e9e, temps d&#039;arr\u00eat de la batterie et garanties de performance attendue.\" \/>\n<meta name=\"robots\" content=\"index, follow, max-snippet:-1, max-image-preview:large, max-video-preview:-1\" \/>\n<link rel=\"canonical\" href=\"https:\/\/ugowork.com\/fr\/entente-de-niveau-de-service\/\" \/>\n<meta property=\"og:locale\" content=\"fr_FR\" \/>\n<meta property=\"og:type\" content=\"article\" \/>\n<meta property=\"og:title\" content=\"Entente de niveau de service | UgoWork\" \/>\n<meta property=\"og:description\" content=\"Consultez l&#039;entente de niveau de service d&#039;UgoWork. D\u00e9couvrez nos services de support, maintenance planifi\u00e9e, temps d&#039;arr\u00eat de la batterie et garanties de performance attendue.\" \/>\n<meta property=\"og:url\" content=\"https:\/\/ugowork.com\/fr\/entente-de-niveau-de-service\/\" \/>\n<meta property=\"og:site_name\" content=\"Ugowork\" \/>\n<meta property=\"article:publisher\" content=\"https:\/\/www.facebook.com\/UgoWorkbyIngeniarts\" \/>\n<meta property=\"article:modified_time\" content=\"2026-02-24T20:55:24+00:00\" \/>\n<meta property=\"og:image\" content=\"https:\/\/ugowork.com\/wp-content\/uploads\/2024\/10\/Brand-identity_UgoWork_RGB_Main_RTM_Logo_EN-FR_Color-Grey-White.png\" \/>\n\t<meta property=\"og:image:width\" content=\"1250\" \/>\n\t<meta property=\"og:image:height\" content=\"1250\" \/>\n\t<meta property=\"og:image:type\" content=\"image\/png\" \/>\n<meta name=\"twitter:card\" content=\"summary_large_image\" \/>\n<meta name=\"twitter:site\" content=\"@AskUgoWork\" \/>\n<meta name=\"twitter:label1\" content=\"Dur\u00e9e de lecture estim\u00e9e\" \/>\n\t<meta name=\"twitter:data1\" content=\"1 minute\" \/>\n<script type=\"application\/ld+json\" class=\"yoast-schema-graph\">{\"@context\":\"https:\\\/\\\/schema.org\",\"@graph\":[{\"@type\":\"WebPage\",\"@id\":\"https:\\\/\\\/ugowork.com\\\/fr\\\/entente-de-niveau-de-service\\\/\",\"url\":\"https:\\\/\\\/ugowork.com\\\/fr\\\/entente-de-niveau-de-service\\\/\",\"name\":\"Entente de niveau de service | UgoWork\",\"isPartOf\":{\"@id\":\"https:\\\/\\\/ugowork.com\\\/fr\\\/#website\"},\"primaryImageOfPage\":{\"@id\":\"https:\\\/\\\/ugowork.com\\\/fr\\\/entente-de-niveau-de-service\\\/#primaryimage\"},\"image\":{\"@id\":\"https:\\\/\\\/ugowork.com\\\/fr\\\/entente-de-niveau-de-service\\\/#primaryimage\"},\"thumbnailUrl\":\"https:\\\/\\\/ugowork.com\\\/wp-content\\\/uploads\\\/2025\\\/02\\\/Group-1609.svg\",\"datePublished\":\"2026-02-24T19:50:44+00:00\",\"dateModified\":\"2026-02-24T20:55:24+00:00\",\"description\":\"Consultez l'entente de niveau de service d'UgoWork. D\u00e9couvrez nos services de support, maintenance planifi\u00e9e, temps d'arr\u00eat de la batterie et garanties de performance attendue.\",\"breadcrumb\":{\"@id\":\"https:\\\/\\\/ugowork.com\\\/fr\\\/entente-de-niveau-de-service\\\/#breadcrumb\"},\"inLanguage\":\"fr-FR\",\"potentialAction\":[{\"@type\":\"ReadAction\",\"target\":[\"https:\\\/\\\/ugowork.com\\\/fr\\\/entente-de-niveau-de-service\\\/\"]}]},{\"@type\":\"ImageObject\",\"inLanguage\":\"fr-FR\",\"@id\":\"https:\\\/\\\/ugowork.com\\\/fr\\\/entente-de-niveau-de-service\\\/#primaryimage\",\"url\":\"https:\\\/\\\/ugowork.com\\\/wp-content\\\/uploads\\\/2025\\\/02\\\/Group-1609.svg\",\"contentUrl\":\"https:\\\/\\\/ugowork.com\\\/wp-content\\\/uploads\\\/2025\\\/02\\\/Group-1609.svg\"},{\"@type\":\"BreadcrumbList\",\"@id\":\"https:\\\/\\\/ugowork.com\\\/fr\\\/entente-de-niveau-de-service\\\/#breadcrumb\",\"itemListElement\":[{\"@type\":\"ListItem\",\"position\":1,\"name\":\"Accueil\",\"item\":\"https:\\\/\\\/ugowork.com\\\/fr\\\/home-v2\\\/\"},{\"@type\":\"ListItem\",\"position\":2,\"name\":\"Entente de niveau de service\"}]},{\"@type\":\"WebSite\",\"@id\":\"https:\\\/\\\/ugowork.com\\\/fr\\\/#website\",\"url\":\"https:\\\/\\\/ugowork.com\\\/fr\\\/\",\"name\":\"UgoWork\",\"description\":\"\",\"publisher\":{\"@id\":\"https:\\\/\\\/ugowork.com\\\/fr\\\/#organization\"},\"potentialAction\":[{\"@type\":\"SearchAction\",\"target\":{\"@type\":\"EntryPoint\",\"urlTemplate\":\"https:\\\/\\\/ugowork.com\\\/fr\\\/?s={search_term_string}\"},\"query-input\":{\"@type\":\"PropertyValueSpecification\",\"valueRequired\":true,\"valueName\":\"search_term_string\"}}],\"inLanguage\":\"fr-FR\"},{\"@type\":\"Organization\",\"@id\":\"https:\\\/\\\/ugowork.com\\\/fr\\\/#organization\",\"name\":\"UgoWork\",\"url\":\"https:\\\/\\\/ugowork.com\\\/fr\\\/\",\"logo\":{\"@type\":\"ImageObject\",\"inLanguage\":\"fr-FR\",\"@id\":\"https:\\\/\\\/ugowork.com\\\/fr\\\/#\\\/schema\\\/logo\\\/image\\\/\",\"url\":\"https:\\\/\\\/ugowork.com\\\/wp-content\\\/uploads\\\/2021\\\/04\\\/ugowork_Facebook.png\",\"contentUrl\":\"https:\\\/\\\/ugowork.com\\\/wp-content\\\/uploads\\\/2021\\\/04\\\/ugowork_Facebook.png\",\"width\":1200,\"height\":630,\"caption\":\"UgoWork\"},\"image\":{\"@id\":\"https:\\\/\\\/ugowork.com\\\/fr\\\/#\\\/schema\\\/logo\\\/image\\\/\"},\"sameAs\":[\"https:\\\/\\\/www.facebook.com\\\/UgoWorkbyIngeniarts\",\"https:\\\/\\\/x.com\\\/AskUgoWork\",\"https:\\\/\\\/www.linkedin.com\\\/company\\\/ugowork\\\/\",\"https:\\\/\\\/www.youtube.com\\\/channel\\\/UCihoB3aY-a2t1fww9gM9qCg\"]}]}<\/script>\n<!-- \/ Yoast SEO plugin. -->","yoast_head_json":{"title":"Entente de niveau de service | UgoWork","description":"Consultez l'entente de niveau de service d'UgoWork. D\u00e9couvrez nos services de support, maintenance planifi\u00e9e, temps d'arr\u00eat de la batterie et garanties de performance attendue.","robots":{"index":"index","follow":"follow","max-snippet":"max-snippet:-1","max-image-preview":"max-image-preview:large","max-video-preview":"max-video-preview:-1"},"canonical":"https:\/\/ugowork.com\/fr\/entente-de-niveau-de-service\/","og_locale":"fr_FR","og_type":"article","og_title":"Entente de niveau de service | UgoWork","og_description":"Consultez l'entente de niveau de service d'UgoWork. D\u00e9couvrez nos services de support, maintenance planifi\u00e9e, temps d'arr\u00eat de la batterie et garanties de performance attendue.","og_url":"https:\/\/ugowork.com\/fr\/entente-de-niveau-de-service\/","og_site_name":"Ugowork","article_publisher":"https:\/\/www.facebook.com\/UgoWorkbyIngeniarts","article_modified_time":"2026-02-24T20:55:24+00:00","og_image":[{"width":1250,"height":1250,"url":"https:\/\/ugowork.com\/wp-content\/uploads\/2024\/10\/Brand-identity_UgoWork_RGB_Main_RTM_Logo_EN-FR_Color-Grey-White.png","type":"image\/png"}],"twitter_card":"summary_large_image","twitter_site":"@AskUgoWork","twitter_misc":{"Dur\u00e9e de lecture estim\u00e9e":"1 minute"},"schema":{"@context":"https:\/\/schema.org","@graph":[{"@type":"WebPage","@id":"https:\/\/ugowork.com\/fr\/entente-de-niveau-de-service\/","url":"https:\/\/ugowork.com\/fr\/entente-de-niveau-de-service\/","name":"Entente de niveau de service | UgoWork","isPartOf":{"@id":"https:\/\/ugowork.com\/fr\/#website"},"primaryImageOfPage":{"@id":"https:\/\/ugowork.com\/fr\/entente-de-niveau-de-service\/#primaryimage"},"image":{"@id":"https:\/\/ugowork.com\/fr\/entente-de-niveau-de-service\/#primaryimage"},"thumbnailUrl":"https:\/\/ugowork.com\/wp-content\/uploads\/2025\/02\/Group-1609.svg","datePublished":"2026-02-24T19:50:44+00:00","dateModified":"2026-02-24T20:55:24+00:00","description":"Consultez l'entente de niveau de service d'UgoWork. D\u00e9couvrez nos services de support, maintenance planifi\u00e9e, temps d'arr\u00eat de la batterie et garanties de performance attendue.","breadcrumb":{"@id":"https:\/\/ugowork.com\/fr\/entente-de-niveau-de-service\/#breadcrumb"},"inLanguage":"fr-FR","potentialAction":[{"@type":"ReadAction","target":["https:\/\/ugowork.com\/fr\/entente-de-niveau-de-service\/"]}]},{"@type":"ImageObject","inLanguage":"fr-FR","@id":"https:\/\/ugowork.com\/fr\/entente-de-niveau-de-service\/#primaryimage","url":"https:\/\/ugowork.com\/wp-content\/uploads\/2025\/02\/Group-1609.svg","contentUrl":"https:\/\/ugowork.com\/wp-content\/uploads\/2025\/02\/Group-1609.svg"},{"@type":"BreadcrumbList","@id":"https:\/\/ugowork.com\/fr\/entente-de-niveau-de-service\/#breadcrumb","itemListElement":[{"@type":"ListItem","position":1,"name":"Accueil","item":"https:\/\/ugowork.com\/fr\/home-v2\/"},{"@type":"ListItem","position":2,"name":"Entente de niveau de service"}]},{"@type":"WebSite","@id":"https:\/\/ugowork.com\/fr\/#website","url":"https:\/\/ugowork.com\/fr\/","name":"UgoWork","description":"","publisher":{"@id":"https:\/\/ugowork.com\/fr\/#organization"},"potentialAction":[{"@type":"SearchAction","target":{"@type":"EntryPoint","urlTemplate":"https:\/\/ugowork.com\/fr\/?s={search_term_string}"},"query-input":{"@type":"PropertyValueSpecification","valueRequired":true,"valueName":"search_term_string"}}],"inLanguage":"fr-FR"},{"@type":"Organization","@id":"https:\/\/ugowork.com\/fr\/#organization","name":"UgoWork","url":"https:\/\/ugowork.com\/fr\/","logo":{"@type":"ImageObject","inLanguage":"fr-FR","@id":"https:\/\/ugowork.com\/fr\/#\/schema\/logo\/image\/","url":"https:\/\/ugowork.com\/wp-content\/uploads\/2021\/04\/ugowork_Facebook.png","contentUrl":"https:\/\/ugowork.com\/wp-content\/uploads\/2021\/04\/ugowork_Facebook.png","width":1200,"height":630,"caption":"UgoWork"},"image":{"@id":"https:\/\/ugowork.com\/fr\/#\/schema\/logo\/image\/"},"sameAs":["https:\/\/www.facebook.com\/UgoWorkbyIngeniarts","https:\/\/x.com\/AskUgoWork","https:\/\/www.linkedin.com\/company\/ugowork\/","https:\/\/www.youtube.com\/channel\/UCihoB3aY-a2t1fww9gM9qCg"]}]}},"taxonomy_info":[],"featured_image_src_large":false,"author_info":{"display_name":"Val\u00e9rie Dubreuil","author_link":"https:\/\/ugowork.com\/fr\/author\/vdubreuil\/"},"comment_info":0,"_links":{"self":[{"href":"https:\/\/ugowork.com\/fr\/wp-json\/wp\/v2\/pages\/19780","targetHints":{"allow":["GET"]}}],"collection":[{"href":"https:\/\/ugowork.com\/fr\/wp-json\/wp\/v2\/pages"}],"about":[{"href":"https:\/\/ugowork.com\/fr\/wp-json\/wp\/v2\/types\/page"}],"author":[{"embeddable":true,"href":"https:\/\/ugowork.com\/fr\/wp-json\/wp\/v2\/users\/13"}],"replies":[{"embeddable":true,"href":"https:\/\/ugowork.com\/fr\/wp-json\/wp\/v2\/comments?post=19780"}],"version-history":[{"count":2,"href":"https:\/\/ugowork.com\/fr\/wp-json\/wp\/v2\/pages\/19780\/revisions"}],"predecessor-version":[{"id":19789,"href":"https:\/\/ugowork.com\/fr\/wp-json\/wp\/v2\/pages\/19780\/revisions\/19789"}],"wp:attachment":[{"href":"https:\/\/ugowork.com\/fr\/wp-json\/wp\/v2\/media?parent=19780"}],"curies":[{"name":"wp","href":"https:\/\/api.w.org\/{rel}","templated":true}]}}