{"id":19567,"date":"2026-02-10T10:51:20","date_gmt":"2026-02-10T15:51:20","guid":{"rendered":"https:\/\/ugowork.com\/?page_id=19567"},"modified":"2026-02-24T14:53:38","modified_gmt":"2026-02-24T19:53:38","slug":"conditions-generales","status":"publish","type":"page","link":"https:\/\/ugowork.com\/fr\/conditions-generales\/","title":{"rendered":"Conditions UgoWork"},"content":{"rendered":"\n<h5 class=\"wp-block-heading\"><a href=\"#generalterms\"><\/a><strong><strong><a href=\"https:\/\/20243687.fs1.hubspotusercontent-na1.net\/hubfs\/20243687\/Terms%20and%20conditions\/Conditions%20g%C3%A9n%C3%A9rales%20de%20UgoWork.pdf\" target=\"_blank\" rel=\"noreferrer noopener\"><span style=\"text-decoration: underline;\">Conditions g\u00e9n\u00e9rales d&rsquo;UgoWork<\/span><\/a><\/strong><\/strong><\/h5>\n\n\n\n<h5 class=\"wp-block-heading\"><a href=\"#batteryterms\"><\/a><strong><a href=\"https:\/\/20243687.fs1.hubspotusercontent-na1.net\/hubfs\/20243687\/Terms%20and%20conditions\/Conditions%20dabonnement%20%C3%A0%20la%20Batterie.pdf\" target=\"_blank\" rel=\"noreferrer noopener\"><span style=\"text-decoration: underline;\">Conditions d&rsquo;abonnement \u00e0 la Batterie<\/span><\/a><\/strong><\/h5>\n\n\n\n<h5 class=\"wp-block-heading\"><a href=\"#platformterms\"><\/a><strong><a href=\"https:\/\/20243687.fs1.hubspotusercontent-na1.net\/hubfs\/20243687\/Terms%20and%20conditions\/Conditions%20dabonnement%20%C3%A0%20la%20plateforme.pdf\" target=\"_blank\" rel=\"noreferrer noopener\"><span style=\"text-decoration: underline;\">Conditions d&rsquo;abonnement \u00e0 la Plateforme<\/span><\/a><\/strong><\/h5>\n\n\n<style>.wp-block-kadence-spacer.kt-block-spacer-19567_6805d6-0d .kt-block-spacer{height:30px;}.wp-block-kadence-spacer.kt-block-spacer-19567_6805d6-0d .kt-divider{border-top-width:1px;height:1px;border-top-color:#eee;width:80%;border-top-style:solid;}<\/style>\n<div class=\"wp-block-kadence-spacer aligncenter kt-block-spacer-19567_6805d6-0d\"><div class=\"kt-block-spacer kt-block-spacer-halign-center\"><\/div><\/div>\n\n\n\n<figure class=\"wp-block-image size-full is-resized\"><img decoding=\"async\" src=\"https:\/\/ugowork.com\/wp-content\/uploads\/2025\/02\/Group-1609.svg\" alt=\"\" class=\"wp-image-10721\" style=\"width:175px\"\/><\/figure>\n\n\n<style>.wp-block-kadence-spacer.kt-block-spacer-19567_926a1b-75 .kt-block-spacer{height:30px;}.wp-block-kadence-spacer.kt-block-spacer-19567_926a1b-75 .kt-divider{border-top-width:1px;height:1px;border-top-color:#eee;width:80%;border-top-style:solid;}<\/style>\n<div class=\"wp-block-kadence-spacer aligncenter kt-block-spacer-19567_926a1b-75\"><div class=\"kt-block-spacer kt-block-spacer-halign-center\"><\/div><\/div>\n","protected":false},"excerpt":{"rendered":"","protected":false},"author":16,"featured_media":0,"parent":0,"menu_order":29,"comment_status":"closed","ping_status":"open","template":"","meta":{"_acf_changed":false,"content-type":"","_kad_blocks_custom_css":"","_kad_blocks_head_custom_js":"","_kad_blocks_body_custom_js":"","_kad_blocks_footer_custom_js":"","_kad_post_transparent":"","_kad_post_title":"","_kad_post_layout":"","_kad_post_sidebar_id":"","_kad_post_content_style":"","_kad_post_vertical_padding":"","_kad_post_feature":"","_kad_post_feature_position":"","_kad_post_header":false,"_kad_post_footer":false,"_kad_post_classname":"","footnotes":""},"class_list":["post-19567","page","type-page","status-publish","hentry"],"acf":[],"yoast_head":"<!-- This site is optimized with the Yoast SEO plugin v27.3 - https:\/\/yoast.com\/product\/yoast-seo-wordpress\/ -->\n<title>Conditions g\u00e9n\u00e9rales | UgoWork<\/title>\n<meta name=\"description\" content=\"Consultez les conditions g\u00e9n\u00e9rales d&#039;UgoWork, y compris les conditions et politiques relatives \u00e0 l&#039;abonnement batterie et \u00e0 l&#039;abonnement plateforme.\" \/>\n<meta name=\"robots\" content=\"noindex, nofollow\" \/>\n<meta property=\"og:locale\" content=\"fr_FR\" \/>\n<meta property=\"og:type\" content=\"article\" \/>\n<meta property=\"og:title\" content=\"Conditions g\u00e9n\u00e9rales | UgoWork\" \/>\n<meta property=\"og:description\" content=\"Consultez les conditions g\u00e9n\u00e9rales d&#039;UgoWork, y compris les conditions et politiques relatives \u00e0 l&#039;abonnement batterie et \u00e0 l&#039;abonnement plateforme.\" \/>\n<meta property=\"og:url\" content=\"https:\/\/ugowork.com\/fr\/conditions-generales\/\" \/>\n<meta property=\"og:site_name\" content=\"Ugowork\" \/>\n<meta property=\"article:publisher\" content=\"https:\/\/www.facebook.com\/UgoWorkbyIngeniarts\" \/>\n<meta property=\"article:modified_time\" content=\"2026-02-24T19:53:38+00:00\" \/>\n<meta property=\"og:image\" content=\"https:\/\/ugowork.com\/wp-content\/uploads\/2024\/10\/Brand-identity_UgoWork_RGB_Main_RTM_Logo_EN-FR_Color-Grey-White.png\" \/>\n\t<meta property=\"og:image:width\" content=\"1250\" \/>\n\t<meta property=\"og:image:height\" content=\"1250\" \/>\n\t<meta property=\"og:image:type\" content=\"image\/png\" \/>\n<meta name=\"twitter:card\" content=\"summary_large_image\" \/>\n<meta name=\"twitter:site\" content=\"@AskUgoWork\" \/>\n<meta name=\"twitter:label1\" content=\"Dur\u00e9e de lecture estim\u00e9e\" \/>\n\t<meta name=\"twitter:data1\" content=\"1 minute\" \/>\n<script type=\"application\/ld+json\" class=\"yoast-schema-graph\">{\"@context\":\"https:\\\/\\\/schema.org\",\"@graph\":[{\"@type\":\"WebPage\",\"@id\":\"https:\\\/\\\/ugowork.com\\\/fr\\\/conditions-generales\\\/\",\"url\":\"https:\\\/\\\/ugowork.com\\\/fr\\\/conditions-generales\\\/\",\"name\":\"Conditions g\u00e9n\u00e9rales | UgoWork\",\"isPartOf\":{\"@id\":\"https:\\\/\\\/ugowork.com\\\/fr\\\/#website\"},\"primaryImageOfPage\":{\"@id\":\"https:\\\/\\\/ugowork.com\\\/fr\\\/conditions-generales\\\/#primaryimage\"},\"image\":{\"@id\":\"https:\\\/\\\/ugowork.com\\\/fr\\\/conditions-generales\\\/#primaryimage\"},\"thumbnailUrl\":\"https:\\\/\\\/ugowork.com\\\/wp-content\\\/uploads\\\/2025\\\/02\\\/Group-1609.svg\",\"datePublished\":\"2026-02-10T15:51:20+00:00\",\"dateModified\":\"2026-02-24T19:53:38+00:00\",\"description\":\"Consultez les conditions g\u00e9n\u00e9rales d'UgoWork, y compris les conditions et politiques relatives \u00e0 l'abonnement batterie et \u00e0 l'abonnement plateforme.\",\"breadcrumb\":{\"@id\":\"https:\\\/\\\/ugowork.com\\\/fr\\\/conditions-generales\\\/#breadcrumb\"},\"inLanguage\":\"fr-FR\",\"potentialAction\":[{\"@type\":\"ReadAction\",\"target\":[\"https:\\\/\\\/ugowork.com\\\/fr\\\/conditions-generales\\\/\"]}]},{\"@type\":\"ImageObject\",\"inLanguage\":\"fr-FR\",\"@id\":\"https:\\\/\\\/ugowork.com\\\/fr\\\/conditions-generales\\\/#primaryimage\",\"url\":\"https:\\\/\\\/ugowork.com\\\/wp-content\\\/uploads\\\/2025\\\/02\\\/Group-1609.svg\",\"contentUrl\":\"https:\\\/\\\/ugowork.com\\\/wp-content\\\/uploads\\\/2025\\\/02\\\/Group-1609.svg\"},{\"@type\":\"BreadcrumbList\",\"@id\":\"https:\\\/\\\/ugowork.com\\\/fr\\\/conditions-generales\\\/#breadcrumb\",\"itemListElement\":[{\"@type\":\"ListItem\",\"position\":1,\"name\":\"Accueil\",\"item\":\"https:\\\/\\\/ugowork.com\\\/fr\\\/home-v2\\\/\"},{\"@type\":\"ListItem\",\"position\":2,\"name\":\"Conditions UgoWork\"}]},{\"@type\":\"WebSite\",\"@id\":\"https:\\\/\\\/ugowork.com\\\/fr\\\/#website\",\"url\":\"https:\\\/\\\/ugowork.com\\\/fr\\\/\",\"name\":\"UgoWork\",\"description\":\"\",\"publisher\":{\"@id\":\"https:\\\/\\\/ugowork.com\\\/fr\\\/#organization\"},\"potentialAction\":[{\"@type\":\"SearchAction\",\"target\":{\"@type\":\"EntryPoint\",\"urlTemplate\":\"https:\\\/\\\/ugowork.com\\\/fr\\\/?s={search_term_string}\"},\"query-input\":{\"@type\":\"PropertyValueSpecification\",\"valueRequired\":true,\"valueName\":\"search_term_string\"}}],\"inLanguage\":\"fr-FR\"},{\"@type\":\"Organization\",\"@id\":\"https:\\\/\\\/ugowork.com\\\/fr\\\/#organization\",\"name\":\"UgoWork\",\"url\":\"https:\\\/\\\/ugowork.com\\\/fr\\\/\",\"logo\":{\"@type\":\"ImageObject\",\"inLanguage\":\"fr-FR\",\"@id\":\"https:\\\/\\\/ugowork.com\\\/fr\\\/#\\\/schema\\\/logo\\\/image\\\/\",\"url\":\"https:\\\/\\\/ugowork.com\\\/wp-content\\\/uploads\\\/2021\\\/04\\\/ugowork_Facebook.png\",\"contentUrl\":\"https:\\\/\\\/ugowork.com\\\/wp-content\\\/uploads\\\/2021\\\/04\\\/ugowork_Facebook.png\",\"width\":1200,\"height\":630,\"caption\":\"UgoWork\"},\"image\":{\"@id\":\"https:\\\/\\\/ugowork.com\\\/fr\\\/#\\\/schema\\\/logo\\\/image\\\/\"},\"sameAs\":[\"https:\\\/\\\/www.facebook.com\\\/UgoWorkbyIngeniarts\",\"https:\\\/\\\/x.com\\\/AskUgoWork\",\"https:\\\/\\\/www.linkedin.com\\\/company\\\/ugowork\\\/\",\"https:\\\/\\\/www.youtube.com\\\/channel\\\/UCihoB3aY-a2t1fww9gM9qCg\"]}]}<\/script>\n<!-- \/ Yoast SEO plugin. -->","yoast_head_json":{"title":"Conditions g\u00e9n\u00e9rales | UgoWork","description":"Consultez les conditions g\u00e9n\u00e9rales d'UgoWork, y compris les conditions et politiques relatives \u00e0 l'abonnement batterie et \u00e0 l'abonnement plateforme.","robots":{"index":"noindex","follow":"nofollow"},"og_locale":"fr_FR","og_type":"article","og_title":"Conditions g\u00e9n\u00e9rales | UgoWork","og_description":"Consultez les conditions g\u00e9n\u00e9rales d'UgoWork, y compris les conditions et politiques relatives \u00e0 l'abonnement batterie et \u00e0 l'abonnement plateforme.","og_url":"https:\/\/ugowork.com\/fr\/conditions-generales\/","og_site_name":"Ugowork","article_publisher":"https:\/\/www.facebook.com\/UgoWorkbyIngeniarts","article_modified_time":"2026-02-24T19:53:38+00:00","og_image":[{"width":1250,"height":1250,"url":"https:\/\/ugowork.com\/wp-content\/uploads\/2024\/10\/Brand-identity_UgoWork_RGB_Main_RTM_Logo_EN-FR_Color-Grey-White.png","type":"image\/png"}],"twitter_card":"summary_large_image","twitter_site":"@AskUgoWork","twitter_misc":{"Dur\u00e9e de lecture estim\u00e9e":"1 minute"},"schema":{"@context":"https:\/\/schema.org","@graph":[{"@type":"WebPage","@id":"https:\/\/ugowork.com\/fr\/conditions-generales\/","url":"https:\/\/ugowork.com\/fr\/conditions-generales\/","name":"Conditions g\u00e9n\u00e9rales | UgoWork","isPartOf":{"@id":"https:\/\/ugowork.com\/fr\/#website"},"primaryImageOfPage":{"@id":"https:\/\/ugowork.com\/fr\/conditions-generales\/#primaryimage"},"image":{"@id":"https:\/\/ugowork.com\/fr\/conditions-generales\/#primaryimage"},"thumbnailUrl":"https:\/\/ugowork.com\/wp-content\/uploads\/2025\/02\/Group-1609.svg","datePublished":"2026-02-10T15:51:20+00:00","dateModified":"2026-02-24T19:53:38+00:00","description":"Consultez les conditions g\u00e9n\u00e9rales d'UgoWork, y compris les conditions et politiques relatives \u00e0 l'abonnement batterie et \u00e0 l'abonnement plateforme.","breadcrumb":{"@id":"https:\/\/ugowork.com\/fr\/conditions-generales\/#breadcrumb"},"inLanguage":"fr-FR","potentialAction":[{"@type":"ReadAction","target":["https:\/\/ugowork.com\/fr\/conditions-generales\/"]}]},{"@type":"ImageObject","inLanguage":"fr-FR","@id":"https:\/\/ugowork.com\/fr\/conditions-generales\/#primaryimage","url":"https:\/\/ugowork.com\/wp-content\/uploads\/2025\/02\/Group-1609.svg","contentUrl":"https:\/\/ugowork.com\/wp-content\/uploads\/2025\/02\/Group-1609.svg"},{"@type":"BreadcrumbList","@id":"https:\/\/ugowork.com\/fr\/conditions-generales\/#breadcrumb","itemListElement":[{"@type":"ListItem","position":1,"name":"Accueil","item":"https:\/\/ugowork.com\/fr\/home-v2\/"},{"@type":"ListItem","position":2,"name":"Conditions UgoWork"}]},{"@type":"WebSite","@id":"https:\/\/ugowork.com\/fr\/#website","url":"https:\/\/ugowork.com\/fr\/","name":"UgoWork","description":"","publisher":{"@id":"https:\/\/ugowork.com\/fr\/#organization"},"potentialAction":[{"@type":"SearchAction","target":{"@type":"EntryPoint","urlTemplate":"https:\/\/ugowork.com\/fr\/?s={search_term_string}"},"query-input":{"@type":"PropertyValueSpecification","valueRequired":true,"valueName":"search_term_string"}}],"inLanguage":"fr-FR"},{"@type":"Organization","@id":"https:\/\/ugowork.com\/fr\/#organization","name":"UgoWork","url":"https:\/\/ugowork.com\/fr\/","logo":{"@type":"ImageObject","inLanguage":"fr-FR","@id":"https:\/\/ugowork.com\/fr\/#\/schema\/logo\/image\/","url":"https:\/\/ugowork.com\/wp-content\/uploads\/2021\/04\/ugowork_Facebook.png","contentUrl":"https:\/\/ugowork.com\/wp-content\/uploads\/2021\/04\/ugowork_Facebook.png","width":1200,"height":630,"caption":"UgoWork"},"image":{"@id":"https:\/\/ugowork.com\/fr\/#\/schema\/logo\/image\/"},"sameAs":["https:\/\/www.facebook.com\/UgoWorkbyIngeniarts","https:\/\/x.com\/AskUgoWork","https:\/\/www.linkedin.com\/company\/ugowork\/","https:\/\/www.youtube.com\/channel\/UCihoB3aY-a2t1fww9gM9qCg"]}]}},"taxonomy_info":[],"featured_image_src_large":false,"author_info":{"display_name":"Amanda Lee","author_link":"https:\/\/ugowork.com\/fr\/author\/amanda\/"},"comment_info":0,"_links":{"self":[{"href":"https:\/\/ugowork.com\/fr\/wp-json\/wp\/v2\/pages\/19567","targetHints":{"allow":["GET"]}}],"collection":[{"href":"https:\/\/ugowork.com\/fr\/wp-json\/wp\/v2\/pages"}],"about":[{"href":"https:\/\/ugowork.com\/fr\/wp-json\/wp\/v2\/types\/page"}],"author":[{"embeddable":true,"href":"https:\/\/ugowork.com\/fr\/wp-json\/wp\/v2\/users\/16"}],"replies":[{"embeddable":true,"href":"https:\/\/ugowork.com\/fr\/wp-json\/wp\/v2\/comments?post=19567"}],"version-history":[{"count":2,"href":"https:\/\/ugowork.com\/fr\/wp-json\/wp\/v2\/pages\/19567\/revisions"}],"predecessor-version":[{"id":19784,"href":"https:\/\/ugowork.com\/fr\/wp-json\/wp\/v2\/pages\/19567\/revisions\/19784"}],"wp:attachment":[{"href":"https:\/\/ugowork.com\/fr\/wp-json\/wp\/v2\/media?parent=19567"}],"curies":[{"name":"wp","href":"https:\/\/api.w.org\/{rel}","templated":true}]}}